{"id":527,"date":"2019-04-18T17:06:28","date_gmt":"2019-04-18T17:06:28","guid":{"rendered":"https:\/\/www.polishcenter.org\/?page_id=527"},"modified":"2026-04-16T04:33:12","modified_gmt":"2026-04-16T04:33:12","slug":"wiadomosci-parafialne","status":"publish","type":"page","link":"https:\/\/www.polishcenter.org\/?lang=pl","title":{"rendered":"Aktualno\u015bci"},"content":{"rendered":"\n<p> <em>(Po angielsku) <\/em>To view the website in English, click &#8220;ENGLISH&#8221; in menu above.<\/p>\n\n\n\n<p><\/p>\n\n\n\n<h2 class=\"wp-block-heading has-vivid-red-color has-text-color has-link-color wp-elements-69dd5f2a52c7eddbf6bc5c3da02f4f60\">Golf Tournament, 20 kwiecie\u0144 2025<\/h2>\n\n\n\n<figure class=\"wp-block-image size-full\"><img loading=\"lazy\" decoding=\"async\" width=\"1275\" height=\"1650\" src=\"https:\/\/www.polishcenter.org\/wp-content\/uploads\/2026-Flyer.jpg\" alt=\"\" class=\"wp-image-5487\" srcset=\"https:\/\/www.polishcenter.org\/wp-content\/uploads\/2026-Flyer.jpg 1275w, https:\/\/www.polishcenter.org\/wp-content\/uploads\/2026-Flyer-116x150.jpg 116w, https:\/\/www.polishcenter.org\/wp-content\/uploads\/2026-Flyer-768x994.jpg 768w, https:\/\/www.polishcenter.org\/wp-content\/uploads\/2026-Flyer-1187x1536.jpg 1187w\" sizes=\"auto, (max-width: 1275px) 100vw, 1275px\" \/><\/figure>\n\n\n\n<div class=\"wp-block-buttons is-content-justification-center is-layout-flex wp-container-core-buttons-is-layout-16018d1d wp-block-buttons-is-layout-flex\">\n<div class=\"wp-block-button\"><a class=\"wp-block-button__link has-vivid-cyan-blue-background-color has-background wp-element-button\" href=\"https:\/\/www.polishcenter.org\/wp-content\/uploads\/2026-Brochure.pdf\">Zapisy<\/a><\/div>\n<\/div>\n\n\n\n<hr class=\"wp-block-separator has-alpha-channel-opacity\"\/>\n\n\n\n<h2 class=\"wp-block-heading has-vivid-red-color has-text-color\" id=\"msze-z-polskiego-osrodka-on-line\">Msze z Polskiego O\u015brodka on-line<\/h2>\n\n\n\n<p>Ofiary na Polski O\u015brodek mo\u017cna sk\u0142ada\u0107 na stronie <a href=\"https:\/\/www.polishcenter.org\/?page_id=583\"><strong>Donacje (tutaj)<\/strong><\/a>.<br>By zobaczy\u0107 Msz\u0119 Niedzieln\u0105 lub inne nagrane Msze z Polskiego O\u015brodka <a href=\"https:\/\/www.youtube.com\/channel\/UCP7h3H3Gbv4ATMxgcHcwwJA\"><strong>KLIKNIJ TUTAJ<\/strong><\/a>.<\/p>\n\n\n\n<hr class=\"wp-block-separator has-alpha-channel-opacity\"\/>\n\n\n\n<h2 class=\"wp-block-heading has-vivid-red-color has-text-color has-link-color wp-elements-d9ece578305d9470b56ffd9f155bc798\">Adoracja Eucharystyczna<\/h2>\n\n\n\n<p>W pierwszy pi\u0105tek miesi\u0105ca gromadzimy si\u0119 na modlitwie i uwielbieniu przed Naj\u015bwi\u0119tszym Sakramentem. Zamiarem diecezjalnym jest wzrost powo\u0142a\u0144 do kap\u0142a\u0144stwa i \u017cycia zakonnego.<br>W pierwszy pi\u0105tek wystawienie Naj\u015bwi\u0119tszego Sakramentu do adoracji po Mszy \u015aw. o godz. 8:30 rano do 10:00 i od 17:00 do 21:00. Wi\u0119cej informacji mo\u017cna uzyska\u0107 kontaktuj\u0105c si\u0119 z Biurem.<\/p>\n\n\n\n<hr class=\"wp-block-separator has-css-opacity\"\/>\n\n\n\n<h2 class=\"wp-block-heading has-vivid-red-color has-text-color\">Recycling Program<\/h2>\n\n\n\n<p>Rada Rycerzy Kolumba nr 9599 przeprowadzi akcj\u0119 recyklingow\u0105 w ka\u017cdy drugi weekend przed i po wszystkich Mszach \u015aw.<\/p>\n\n\n\n<hr class=\"wp-block-separator has-css-opacity\"\/>\n\n\n\n<h2 class=\"wp-block-heading has-vivid-red-color has-text-color\" id=\"2021-pastoral-services-appeal-psa\">2026 Pastoral Services Appeal (PSA)<\/h2>\n\n\n\n<p>W 2026 gol dla Polskiego Centrum jest $38,520<br>47 rodzin, os\u00f3b i organizacji zaoferowa\u0142o $25,245<br>Ju\u017c wp\u0142acono $15,580<\/p>\n\n\n\n<p>Prosimy o sk\u0142adanie ofiar u\u017cywaj\u0105c poni\u017cszego linka (lub wpisa\u0107: <strong>https:\/\/rcbo.org\/psa-give-now\/<\/strong>) i wybranie &#8220;Pope John Paul II Polish Center&#8221; z listy w drugim kroku procesu w celu prawid\u0142owego przeznaczenia ofiary na nasze Centrum.<\/p>\n\n\n\n<div class=\"wp-block-buttons is-horizontal is-content-justification-center is-layout-flex wp-container-core-buttons-is-layout-a4d366b9 wp-block-buttons-is-layout-flex\">\n<div class=\"wp-block-button\"><a class=\"wp-block-button__link has-vivid-cyan-blue-background-color has-background wp-element-button\" href=\"https:\/\/www.rcbo.org\/psa-give-now\/\">Z\u0141\u00d3\u017b DONACJ\u0118 PSA<\/a><\/div>\n<\/div>\n\n\n\n<hr class=\"wp-block-separator has-css-opacity\"\/>\n\n\n\n<h2 class=\"wp-block-heading\" id=\"blog-diakona-jim-merle\"><strong>Blog <\/strong>Diakona Jim Merle<\/h2>\n\n\n\n<p>Diakon Jim Merle zaprasza wszystkich do wzi\u0119cia udzia\u0142u w cotygodniowej wyprawie drog\u0105 Emaus, aby odkry\u0107, w jaki spos\u00f3b mo\u017cna mie\u0107 intymn\u0105 relacj\u0119 z Bogiem w naszych umys\u0142ach, sercach i duszach. Aby to zrobi\u0107, wejd\u017a na blog pod adresem:&nbsp;<a rel=\"noreferrer noopener\" href=\"https:\/\/dcnjim.blogspot.com\" target=\"_blank\"><strong>https:\/\/dcnjim.blogspot.com<\/strong><\/a>&nbsp;subskrybuj\u0105c w nast\u0119puj\u0105cy spos\u00f3b: W prawym g\u00f3rnym rogu w sekcji \u201eFollow by Email\u201d wprowad\u017a sw\u00f3j adres e-mail, aby subskrybowa\u0107. B\u0119dziesz otrzymywa\u0107 cotygodniowy e-mail do pi\u0105tku rano z linkiem do przeczytania najnowszego postu.<\/p>\n\n\n\n<hr class=\"wp-block-separator has-css-opacity\"\/>\n\n\n\n<h2 class=\"wp-block-heading has-vivid-red-color has-text-color has-link-color wp-elements-f4a3501bb72c0aff471a97fbd6e7c7da\">Diocese of Orange, Office of Child and Youth Protection<\/h2>\n\n\n\n<p>Visit our webpage at: <a href=\"https:\/\/www.rcbo.org\/protect-report\/\">https:\/\/www.rcbo.org\/protect-report\/<\/a><\/p>\n\n\n\n<hr class=\"wp-block-separator has-alpha-channel-opacity\"\/>\n\n\n\n<p><\/p>\n","protected":false},"excerpt":{"rendered":"<p>(Po angielsku) To view the website in English, click &#8220;ENGLISH&#8221; in menu above. Golf Tournament, 20 kwiecie\u0144 2025 Msze z Polskiego O\u015brodka on-line Ofiary na Polski O\u015brodek mo\u017cna sk\u0142ada\u0107 na [&hellip;]<\/p>\n","protected":false},"author":1,"featured_media":50,"parent":0,"menu_order":0,"comment_status":"closed","ping_status":"closed","template":"","meta":{"_EventAllDay":false,"_EventTimezone":"","_EventStartDate":"","_EventEndDate":"","_EventStartDateUTC":"","_EventEndDateUTC":"","_EventShowMap":false,"_EventShowMapLink":false,"_EventURL":"","_EventCost":"","_EventCostDescription":"","_EventCurrencySymbol":"","_EventCurrencyCode":"","_EventCurrencyPosition":"","_EventDateTimeSeparator":"","_EventTimeRangeSeparator":"","_EventOrganizerID":[],"_EventVenueID":[],"_OrganizerEmail":"","_OrganizerPhone":"","_OrganizerWebsite":"","_VenueAddress":"","_VenueCity":"","_VenueCountry":"","_VenueProvince":"","_VenueState":"","_VenueZip":"","_VenuePhone":"","_VenueURL":"","_VenueStateProvince":"","_VenueLat":"","_VenueLng":"","_VenueShowMap":false,"_VenueShowMapLink":false,"footnotes":""},"class_list":["post-527","page","type-page","status-publish","has-post-thumbnail","hentry"],"_links":{"self":[{"href":"https:\/\/www.polishcenter.org\/index.php?rest_route=\/wp\/v2\/pages\/527","targetHints":{"allow":["GET"]}}],"collection":[{"href":"https:\/\/www.polishcenter.org\/index.php?rest_route=\/wp\/v2\/pages"}],"about":[{"href":"https:\/\/www.polishcenter.org\/index.php?rest_route=\/wp\/v2\/types\/page"}],"author":[{"embeddable":true,"href":"https:\/\/www.polishcenter.org\/index.php?rest_route=\/wp\/v2\/users\/1"}],"replies":[{"embeddable":true,"href":"https:\/\/www.polishcenter.org\/index.php?rest_route=%2Fwp%2Fv2%2Fcomments&post=527"}],"version-history":[{"count":9,"href":"https:\/\/www.polishcenter.org\/index.php?rest_route=\/wp\/v2\/pages\/527\/revisions"}],"predecessor-version":[{"id":5623,"href":"https:\/\/www.polishcenter.org\/index.php?rest_route=\/wp\/v2\/pages\/527\/revisions\/5623"}],"wp:featuredmedia":[{"embeddable":true,"href":"https:\/\/www.polishcenter.org\/index.php?rest_route=\/wp\/v2\/media\/50"}],"wp:attachment":[{"href":"https:\/\/www.polishcenter.org\/index.php?rest_route=%2Fwp%2Fv2%2Fmedia&parent=527"}],"curies":[{"name":"wp","href":"https:\/\/api.w.org\/{rel}","templated":true}]}}