{"id":583,"date":"2019-04-18T21:44:43","date_gmt":"2019-04-18T21:44:43","guid":{"rendered":"https:\/\/www.polishcenter.org\/?page_id=583"},"modified":"2025-10-07T16:05:31","modified_gmt":"2025-10-07T16:05:31","slug":"donacje","status":"publish","type":"page","link":"https:\/\/www.polishcenter.org\/?page_id=583","title":{"rendered":"Donacje"},"content":{"rendered":"\n<p><strong>Serdeczne B\u00f3g zap\u0142a\u0107 za ofiarne serce!<\/strong><\/p>\n\n\n\n<p>Bardzo dzi\u0119kujemy za wszelkie darowizny, kt\u00f3re wspomog\u0105 bezpo\u015brednio nasz o\u015brodek polonijny:<\/p>\n\n\n\n<p><strong>Saint John Paul II Polish Center<br>3999 Rose Drive<br>Yorba Linda, CA 92886<br>County of Orange<\/strong><\/p>\n\n\n\n<p>Podaj sw\u00f3j adres e-mail, je\u015bli chcesz otrzyma\u0107 potwierdzenie.<br>Wprowad\u017a swoje imi\u0119 i \/ lub numer referencyjny koperty, je\u015bli chcesz, aby Twoja darowizna zosta\u0142a zarejestrowana dla cel\u00f3w podatkowych.<\/p>\n\n\n\n<p><script type=\"text\/javascript\">\r\nfunction doSubmit(thisform) {\r\n  var error = '';\r\n  var amtsel = false;\r\n  \/\/All required fields need to be filled\r\n  if(isNaN(thisform.amount.value) || thisform.amount.value == '' || thisform.amount.value == null)\r\n    error = error + 'Invalid dollar amount. ';\r\n  thisform.transaction_amount.value = thisform.amount.value;\r\n  if(error != '') {\r\n    alert(error);\r\n    return false;\r\n  } else {\r\n    thisform.subbut.disabled = true;\r\n    return true;\r\n  }\r\n}\r\nfunction roundNumber(num, dec) {\r\n  var result = Math.round(num*Math.pow(10,dec))\/Math.pow(10,dec);\r\n  return result;\r\n}\r\n<\/script>\r\n<style type=\"text\/css\" media=\"screen\">\r\n    #payhereTable th { border: 1px solid #666666; background-color: #AAAAAA; }\r\n    .req { color: red; }\r\n<\/style><\/p>\n<form action=\"https:\/\/www.merchante-solutions.com\/jsp\/tpg\/secure_checkout.jsp\" method=\"POST\" onsubmit=\"return doSubmit(this)\"><input name=\"profile_id\" type=\"hidden\" value=\"01043419300000000002\"> <input name=\"transaction_amount\" type=\"hidden\" value=\"\"> <input name=\"css_url\" type=\"hidden\" value=\"https:\/\/www.polishcenter.org\/wp-content\/themes\/faith\/style.css\"> <input name=\"cancel_url\" type=\"hidden\" value=\"https:\/\/www.polishcenter.org\/?page_id=3363\"> <input name=\"return_url\" type=\"hidden\" value=\"https:\/\/www.polishcenter.org\/?page_id=3361\"> <input name=\"logo_url\" type=\"hidden\" value=\"https:\/\/www.polishcenter.org\/wp-content\/uploads\/logo-CC.gif\"> <input name=\"footer_url\" type=\"hidden\" value=\"https:\/\/www.polishcenter.org\/wp-content\/uploads\/logo-CC-footer.jpg\"> <input name=\"merchant_email\" type=\"hidden\" value=\"polishcenter@sbcglobal.net\">\n<table id=\"payhereTable\">\n<tbody>\n<tr>\n<th colspan=\"2\">Informacje Posiadacza Karty<\/th>\n<\/tr>\n<tr>\n<td>Imi\u0119 Posiadacza Karty<\/td>\n<td><input maxlength=\"40\" name=\"cardholder_first_name\" size=\"30\" type=\"text\"><\/td>\n<\/tr>\n<tr>\n<td>Nazwisko Posiadacza Karty<\/td>\n<td><input maxlength=\"40\" name=\"cardholder_last_name\" size=\"30\" type=\"text\"><\/td>\n<\/tr>\n<tr>\n<td>Email Posiadacza Karty<\/td>\n<td><input maxlength=\"40\" name=\"customer_email\" size=\"30\" type=\"text\"><\/td>\n<\/tr>\n<tr>\n<td>Numer Referencyjny<\/td>\n<td><input maxlength=\"96\" name=\"client_reference_number\" size=\"30\" type=\"text\"><\/td>\n<\/tr>\n<tr>\n<th colspan=\"2\">Kwota<\/th>\n<\/tr>\n<tr>\n<td>&nbsp;<\/td>\n<td>$<input name=\"amount\" type=\"text\" value=\"\"><\/td>\n<\/tr>\n<tr>\n<td><span class=\"req\">*<\/span> Po Detale z Karty Kredytowej<\/td>\n<td><input class=\"formFields\" name=\"subbut\" type=\"submit\" value=\"Kontynuuj ...\"><\/td>\n<\/tr>\n<\/tbody>\n<\/table>\n<\/form>\n\n\n\n<div class=\"wp-block-image\"><figure class=\"aligncenter size-large\"><figure><figure><img decoding=\"async\" src=\"https:\/\/www.polishcenter.org\/wp-content\/uploads\/Cards.png\" alt=\"\" class=\"wp-image-3345\" width=\"50%\" height=\"50%\" srcset=\"https:\/\/www.polishcenter.org\/wp-content\/uploads\/Cards.png 545w, https:\/\/www.polishcenter.org\/wp-content\/uploads\/Cards-150x31.png 150w\" sizes=\"(max-width: 545px) 100vw, 545px\" \/><\/figure><\/figure><\/figure><\/div>\n\n\n\n<h4 class=\"wp-block-heading\"><strong>Privacy Statement:<\/strong><\/h4>\n\n\n\n<p>Saint John Paul II Polish Center is committed to respecting the privacy  rights of all  visitors to our web site.  The following outlines our  privacy policy and  details the measures we have taken to safeguard and  protect your  privacy. Information you provide to us is understood to be  in agreement  with the policies detailed below. This website does not  collect any personal information. However in order to credit your  donations properly for tax purposes, payments or intentions, you may  provide the offertory envelope number on file or additional information  needed to identify its purpose.<\/p>\n\n\n\n<h4 class=\"wp-block-heading\">Refund Policy: <\/h4>\n\n\n\n<p>Normally, donations are non-refundable. In certain situations someone may require a refund. All refund requests will be directed to our accounting department for processing. You may contact our bookkeeper by contacting the church office or through email at <a href=\"mailto:polishcenter@polishcenter.org\">polishcenter@polishcenter.org<\/a>. Refund decisions will be based on several factors relating to the transaction you are requesting a refund for. <br>Decisions to override this policy are reserved to the Church Business Administrator.<\/p>\n\n\n\n<p><strong><em>Saint John Paul II Church reserves the right to revise this policy at any time.<\/em> <\/strong><\/p>\n","protected":false},"excerpt":{"rendered":"<p>Serdeczne B\u00f3g zap\u0142a\u0107 za ofiarne serce! Bardzo dzi\u0119kujemy za wszelkie darowizny, kt\u00f3re wspomog\u0105 bezpo\u015brednio nasz o\u015brodek polonijny: Saint John Paul II Polish Center3999 Rose DriveYorba Linda, CA 92886County of Orange [&hellip;]<\/p>\n","protected":false},"author":1,"featured_media":340,"parent":0,"menu_order":0,"comment_status":"closed","ping_status":"closed","template":"","meta":{"_EventAllDay":false,"_EventTimezone":"","_EventStartDate":"","_EventEndDate":"","_EventStartDateUTC":"","_EventEndDateUTC":"","_EventShowMap":false,"_EventShowMapLink":false,"_EventURL":"","_EventCost":"","_EventCostDescription":"","_EventCurrencySymbol":"","_EventCurrencyCode":"","_EventCurrencyPosition":"","_EventDateTimeSeparator":"","_EventTimeRangeSeparator":"","_EventOrganizerID":[],"_EventVenueID":[],"_OrganizerEmail":"","_OrganizerPhone":"","_OrganizerWebsite":"","_VenueAddress":"","_VenueCity":"","_VenueCountry":"","_VenueProvince":"","_VenueState":"","_VenueZip":"","_VenuePhone":"","_VenueURL":"","_VenueStateProvince":"","_VenueLat":"","_VenueLng":"","_VenueShowMap":false,"_VenueShowMapLink":false,"footnotes":""},"class_list":["post-583","page","type-page","status-publish","has-post-thumbnail","hentry"],"_links":{"self":[{"href":"https:\/\/www.polishcenter.org\/index.php?rest_route=\/wp\/v2\/pages\/583","targetHints":{"allow":["GET"]}}],"collection":[{"href":"https:\/\/www.polishcenter.org\/index.php?rest_route=\/wp\/v2\/pages"}],"about":[{"href":"https:\/\/www.polishcenter.org\/index.php?rest_route=\/wp\/v2\/types\/page"}],"author":[{"embeddable":true,"href":"https:\/\/www.polishcenter.org\/index.php?rest_route=\/wp\/v2\/users\/1"}],"replies":[{"embeddable":true,"href":"https:\/\/www.polishcenter.org\/index.php?rest_route=%2Fwp%2Fv2%2Fcomments&post=583"}],"version-history":[{"count":9,"href":"https:\/\/www.polishcenter.org\/index.php?rest_route=\/wp\/v2\/pages\/583\/revisions"}],"predecessor-version":[{"id":5371,"href":"https:\/\/www.polishcenter.org\/index.php?rest_route=\/wp\/v2\/pages\/583\/revisions\/5371"}],"wp:featuredmedia":[{"embeddable":true,"href":"https:\/\/www.polishcenter.org\/index.php?rest_route=\/wp\/v2\/media\/340"}],"wp:attachment":[{"href":"https:\/\/www.polishcenter.org\/index.php?rest_route=%2Fwp%2Fv2%2Fmedia&parent=583"}],"curies":[{"name":"wp","href":"https:\/\/api.w.org\/{rel}","templated":true}]}}