{"id":704,"date":"2019-04-24T21:27:44","date_gmt":"2019-04-24T21:27:44","guid":{"rendered":"https:\/\/www.polishcenter.org\/?page_id=704"},"modified":"2024-07-21T04:01:32","modified_gmt":"2024-07-21T04:01:32","slug":"fr-henryk-noga","status":"publish","type":"page","link":"https:\/\/www.polishcenter.org\/?page_id=704","title":{"rendered":"Ks. Henryk Noga"},"content":{"rendered":"<div class=\"wp-block-image\">\n<figure class=\"alignleft\"><img loading=\"lazy\" decoding=\"async\" width=\"132\" height=\"176\" src=\"https:\/\/www.polishcenter.org\/wp-content\/uploads\/henry.jpg\" alt=\"\" class=\"wp-image-138\"\/><\/figure>\n<\/div>\n\n\n<p>        Ks. Henry Noga, SVD, jest cz\u0142onkiem Misyjnego Zakonu Religijnego &#8211; Towarzystwa S\u0142owa Bo\u017cego. Po \u015bwi\u0119ceniach kap\u0142a\u0144skich w 1996 r. i dw\u00f3ch latach pracy duszpasterskiej w Polsce zosta\u0142 wys\u0142any do Irlandii na studia j\u0119zykowe i s\u0142u\u017cb\u0119 do lokalnej Polonii gromadz\u0105cej si\u0119 w Domu Polskim w Dublinie.<\/p>\n\n\n\n<p>        W latach 1999-2008 mieszka\u0142 w Riverside w Kalifornii z innymi kap\u0142anami i bra\u0107mi misyjnymi ze swojej wsp\u00f3lnoty religijnej. W tym czasie kierowa\u0142 polsk\u0105 wsp\u00f3lnot\u0105 w diecezji Orange w O\u015brodku Polonijnym Papie\u017ca Jana Paw\u0142a II w Yorba Linda.<br>Przez wiele lat by\u0142 cz\u0142onkiem Rady Prowincjalnej i uczestniczy\u0142 w wielu innych zadaniach administracyjnych w swoim zakonie.<br>W roku 2006 ks. Henryk zosta\u0142 wybrany do reprezentowania Prowincji Zachodniej Towarzystwa S\u0142owa Bo\u017cego na Kapitule generalnej w Rzymie.<br>Ks. Noga uzyska\u0142 stopie\u0144 doktora Katedry Teologii \u017bycia Duchowego Uniwersytetu Kardyna\u0142a Stefana Wyszy\u0144skiego w Warszawie. <\/p>\n\n\n\n<p><em>Asystent Dyrektora O\u015brodka Polonijnego im. \u015aw. Jana Paw\u0142a II w Yorba Linda,<\/em> <em>2000-2008.<\/em><\/p>\n\n\n\n<p> <em>Dyrektor O\u015brodka Polonijnego im. \u015aw. Jana Paw\u0142a II w Yorba Linda, 2008-2016.<\/em><\/p>\n","protected":false},"excerpt":{"rendered":"<p>Ks. Henry Noga, SVD, jest cz\u0142onkiem Misyjnego Zakonu Religijnego &#8211; Towarzystwa S\u0142owa Bo\u017cego. Po \u015bwi\u0119ceniach kap\u0142a\u0144skich w 1996 r. i dw\u00f3ch latach pracy duszpasterskiej w Polsce zosta\u0142 wys\u0142any do Irlandii [&hellip;]<\/p>\n","protected":false},"author":1,"featured_media":1859,"parent":675,"menu_order":3,"comment_status":"closed","ping_status":"closed","template":"","meta":{"_EventAllDay":false,"_EventTimezone":"","_EventStartDate":"","_EventEndDate":"","_EventStartDateUTC":"","_EventEndDateUTC":"","_EventShowMap":false,"_EventShowMapLink":false,"_EventURL":"","_EventCost":"","_EventCostDescription":"","_EventCurrencySymbol":"","_EventCurrencyCode":"","_EventCurrencyPosition":"","_EventDateTimeSeparator":"","_EventTimeRangeSeparator":"","_EventOrganizerID":[],"_EventVenueID":[],"_OrganizerEmail":"","_OrganizerPhone":"","_OrganizerWebsite":"","_VenueAddress":"","_VenueCity":"","_VenueCountry":"","_VenueProvince":"","_VenueState":"","_VenueZip":"","_VenuePhone":"","_VenueURL":"","_VenueStateProvince":"","_VenueLat":"","_VenueLng":"","_VenueShowMap":false,"_VenueShowMapLink":false,"footnotes":""},"class_list":["post-704","page","type-page","status-publish","has-post-thumbnail","hentry"],"_links":{"self":[{"href":"https:\/\/www.polishcenter.org\/index.php?rest_route=\/wp\/v2\/pages\/704","targetHints":{"allow":["GET"]}}],"collection":[{"href":"https:\/\/www.polishcenter.org\/index.php?rest_route=\/wp\/v2\/pages"}],"about":[{"href":"https:\/\/www.polishcenter.org\/index.php?rest_route=\/wp\/v2\/types\/page"}],"author":[{"embeddable":true,"href":"https:\/\/www.polishcenter.org\/index.php?rest_route=\/wp\/v2\/users\/1"}],"replies":[{"embeddable":true,"href":"https:\/\/www.polishcenter.org\/index.php?rest_route=%2Fwp%2Fv2%2Fcomments&post=704"}],"version-history":[{"count":8,"href":"https:\/\/www.polishcenter.org\/index.php?rest_route=\/wp\/v2\/pages\/704\/revisions"}],"predecessor-version":[{"id":4399,"href":"https:\/\/www.polishcenter.org\/index.php?rest_route=\/wp\/v2\/pages\/704\/revisions\/4399"}],"up":[{"embeddable":true,"href":"https:\/\/www.polishcenter.org\/index.php?rest_route=\/wp\/v2\/pages\/675"}],"wp:featuredmedia":[{"embeddable":true,"href":"https:\/\/www.polishcenter.org\/index.php?rest_route=\/wp\/v2\/media\/1859"}],"wp:attachment":[{"href":"https:\/\/www.polishcenter.org\/index.php?rest_route=%2Fwp%2Fv2%2Fmedia&parent=704"}],"curies":[{"name":"wp","href":"https:\/\/api.w.org\/{rel}","templated":true}]}}